{"id":11,"date":"2025-03-02T21:11:26","date_gmt":"2025-03-02T21:11:26","guid":{"rendered":"https:\/\/ab-ba.com.pl\/?page_id=11"},"modified":"2025-10-10T07:44:41","modified_gmt":"2025-10-10T07:44:41","slug":"homepage","status":"publish","type":"page","link":"https:\/\/ab-ba.com.pl\/","title":{"rendered":"homepage"},"content":{"rendered":"<p>[et_pb_section fb_built=&#8221;1&#8243; fullwidth=&#8221;on&#8221; admin_label=&#8221;FULLWIDTH SLIDER  = 06&#8243; _builder_version=&#8221;4.19.2&#8243; _module_preset=&#8221;default&#8221; global_colors_info=&#8221;{}&#8221;][et_pb_fullwidth_slider show_pagination=&#8221;off&#8221; module_class=&#8221;slider-d6&#8243; _builder_version=&#8221;4.27.4&#8243; _module_preset=&#8221;default&#8221; header_font=&#8221;Inter||||||||&#8221; header_text_color=&#8221;#FFFFFF&#8221; header_font_size=&#8221;20px&#8221; header_line_height=&#8221;1.4em&#8221; body_font=&#8221;Rajdhani|700|||||||&#8221; body_text_color=&#8221;#FFFFFF&#8221; body_font_size=&#8221;80px&#8221; custom_button=&#8221;on&#8221; button_text_size=&#8221;16px&#8221; button_text_color=&#8221;#FFFFFF&#8221; button_border_width=&#8221;0px&#8221; button_border_radius=&#8221;5px&#8221; button_font=&#8221;||||||||&#8221; button_use_icon=&#8221;off&#8221; button_custom_margin_tablet=&#8221;&#8221; button_custom_margin_phone=&#8221;||70px||false|false&#8221; button_custom_margin_last_edited=&#8221;on|phone&#8221; button_custom_padding=&#8221;12px|25px|12px|25px|true|true&#8221; custom_padding=&#8221;||||false|false&#8221; header_font_size_tablet=&#8221;&#8221; header_font_size_phone=&#8221;18px&#8221; header_font_size_last_edited=&#8221;on|phone&#8221; body_font_size_tablet=&#8221;60px&#8221; body_font_size_phone=&#8221;55px&#8221; body_font_size_last_edited=&#8221;on|phone&#8221; body_line_height_phone=&#8221;40px&#8221; body_line_height_last_edited=&#8221;off|phone&#8221; custom_css_slide_description=&#8221;line-height:90px;&#8221; custom_css_slide_title=&#8221;font-weight:400;&#8221; custom_css_slide_button=&#8221;background-color: var(&#8211;color6);&#8221; global_colors_info=&#8221;{}&#8221; button_text_color__hover_enabled=&#8221;on|hover&#8221; button_text_color__hover=&#8221;#FFFFFF&#8221; custom_css_slide_description_last_edited=&#8221;on|phone&#8221; custom_css_slide_description_phone=&#8221;line-height:60px;&#8221; custom_css_slide_description_tablet=&#8221;line-height:80px;&#8221;][et_pb_slide heading=&#8221;O NAS&#8221; button_text=&#8221;Czytaj wi\u0119cej&#8230;&#8221; button_link=&#8221;https:\/\/ab-ba.com.pl\/index.php\/o-nas\/&#8221; heading_tablet=&#8221;&#8221; heading_phone=&#8221;Secure Payment Process&#8221; heading_last_edited=&#8221;on|phone&#8221; _builder_version=&#8221;4.27.4&#8243; _module_preset=&#8221;default&#8221; body_font=&#8221;|700|||||||&#8221; use_background_color_gradient=&#8221;on&#8221; background_color_gradient_direction=&#8221;90deg&#8221; background_color_gradient_stops=&#8221;#19041e 0%|rgba(16,5,25,0.15) 100%&#8221; background_image=&#8221;https:\/\/ab-ba.com.pl\/wp-content\/uploads\/2025\/03\/onas.png&#8221; background_enable_image=&#8221;on&#8221; background_blend=&#8221;overlay&#8221; text_orientation=&#8221;left&#8221; global_colors_info=&#8221;{}&#8221; sticky_transition=&#8221;on&#8221;]<\/p>\n<p>Stowarzyszenie AB-BA<\/p>\n<p>[\/et_pb_slide][et_pb_slide heading=&#8221;Realizowane projekty&#8221; button_text=&#8221;Czytaj wi\u0119cej&#8230;&#8221; button_link=&#8221;https:\/\/ab-ba.com.pl\/index.php\/realizowane-projekty\/&#8221; heading_tablet=&#8221;&#8221; heading_phone=&#8221;Secure Payment Process&#8221; heading_last_edited=&#8221;on|phone&#8221; _builder_version=&#8221;4.27.4&#8243; _module_preset=&#8221;default&#8221; body_font=&#8221;|700|||||||&#8221; use_background_color_gradient=&#8221;on&#8221; background_color_gradient_direction=&#8221;90deg&#8221; background_color_gradient_stops=&#8221;#19041e 0%|rgba(16,5,25,0.15) 100%&#8221; background_image=&#8221;https:\/\/ab-ba.com.pl\/wp-content\/uploads\/2025\/03\/projekty.png&#8221; background_enable_image=&#8221;on&#8221; background_blend=&#8221;overlay&#8221; text_orientation=&#8221;left&#8221; global_colors_info=&#8221;{}&#8221; sticky_transition=&#8221;on&#8221;]<\/p>\n<p>Realizowane projekty<\/p>\n<p>[\/et_pb_slide][et_pb_slide heading=&#8221;Zesp\u00f3\u0142 Taneczny&#8221; button_text=&#8221;Czytaj wi\u0119cej&#8230;&#8221; button_link=&#8221;https:\/\/ab-ba.com.pl\/index.php\/padlaski-wianok\/&#8221; heading_tablet=&#8221;&#8221; heading_phone=&#8221;Secure Payment Process&#8221; heading_last_edited=&#8221;on|phone&#8221; _builder_version=&#8221;4.27.4&#8243; _module_preset=&#8221;default&#8221; body_font=&#8221;|700|||||||&#8221; use_background_color_gradient=&#8221;on&#8221; background_color_gradient_direction=&#8221;90deg&#8221; background_color_gradient_stops=&#8221;#19041e 0%|rgba(16,5,25,0.15) 100%&#8221; background_image=&#8221;https:\/\/ab-ba.com.pl\/wp-content\/uploads\/2025\/03\/PadlaskiWianok.png&#8221; background_enable_image=&#8221;on&#8221; background_blend=&#8221;overlay&#8221; text_orientation=&#8221;left&#8221; global_colors_info=&#8221;{}&#8221; sticky_transition=&#8221;on&#8221;]<\/p>\n<p>Padlaski Wianok<\/p>\n<p>[\/et_pb_slide][\/et_pb_fullwidth_slider][et_pb_fullwidth_code _builder_version=&#8221;4.19.2&#8243; _module_preset=&#8221;default&#8221; custom_margin=&#8221;0px||0px||true|false&#8221; custom_padding=&#8221;0px||0px||true|false&#8221; global_colors_info=&#8221;{}&#8221;]<\/p>\n<style><!-- [et_pb_line_break_holder] -->  <!-- [et_pb_line_break_holder] -->:root {<!-- [et_pb_line_break_holder] -->--color6: #ffaa17;<!-- [et_pb_line_break_holder] -->}<!-- [et_pb_line_break_holder] -->.slider-d6 .et_pb_slide {<!-- [et_pb_line_break_holder] -->\tpadding: 0 30% 0 8%;<!-- [et_pb_line_break_holder] -->}<!-- [et_pb_line_break_holder] -->.slider-d6 .et_pb_slide .et_pb_slide_description {<!-- [et_pb_line_break_holder] -->\tpadding-left: 0px;<!-- [et_pb_line_break_holder] -->}<!-- [et_pb_line_break_holder] -->.slider-d6 .et_pb_slide .et_pb_slide_description .et_pb_slide_title {<!-- [et_pb_line_break_holder] -->\tpadding: 0 50px 0 0;<!-- [et_pb_line_break_holder] -->\tposition: relative;<!-- [et_pb_line_break_holder] -->\tdisplay: inline-block;<!-- [et_pb_line_break_holder] -->}<!-- [et_pb_line_break_holder] -->.slider-d6 .et_pb_slide .et_pb_slide_description .et_pb_slide_title:before {<!-- [et_pb_line_break_holder] -->\tposition: absolute;<!-- [et_pb_line_break_holder] -->\tcontent: '';<!-- [et_pb_line_break_holder] -->\tright: 0px;<!-- [et_pb_line_break_holder] -->\ttop: 50%;<!-- [et_pb_line_break_holder] -->\twidth: 40px;<!-- [et_pb_line_break_holder] -->\theight: 2px;<!-- [et_pb_line_break_holder] -->\tbackground-color: #fff;<!-- [et_pb_line_break_holder] -->\t-webkit-box-sizing: border-box;<!-- [et_pb_line_break_holder] -->\tbox-sizing: border-box;<!-- [et_pb_line_break_holder] -->\ttransform: translateY(-50%);<!-- [et_pb_line_break_holder] -->}<!-- [et_pb_line_break_holder] -->.slider-d6 .et_pb_slide .et_pb_slide_description .et_pb_slide_title:after {<!-- [et_pb_line_break_holder] -->\tposition: absolute;<!-- [et_pb_line_break_holder] -->\tcontent: '';<!-- [et_pb_line_break_holder] -->\tright: 10px;<!-- [et_pb_line_break_holder] -->\ttop: 19px;<!-- [et_pb_line_break_holder] -->\twidth: 30px;<!-- [et_pb_line_break_holder] -->\theight: 2px;<!-- [et_pb_line_break_holder] -->\tbackground-color: var(--color6);<!-- [et_pb_line_break_holder] -->\t-webkit-box-sizing: border-box;<!-- [et_pb_line_break_holder] -->\tbox-sizing: border-box;<!-- [et_pb_line_break_holder] -->}<!-- [et_pb_line_break_holder] -->.slider-d6 .et-pb-slider-arrows .et-pb-arrow-next, .slider-d6 .et-pb-slider-arrows .et-pb-arrow-prev {<!-- [et_pb_line_break_holder] -->\twidth: 60px;<!-- [et_pb_line_break_holder] -->\theight: 60px;<!-- [et_pb_line_break_holder] -->\tfont-size: 20px;<!-- [et_pb_line_break_holder] -->\tcolor: #fff;<!-- [et_pb_line_break_holder] -->\tborder: 2px solid #fff;<!-- [et_pb_line_break_holder] -->\tborder-radius: 50%;<!-- [et_pb_line_break_holder] -->\topacity: 0.6;<!-- [et_pb_line_break_holder] -->\tmargin: 0;<!-- [et_pb_line_break_holder] -->\ttransform: translateY(-50%);<!-- [et_pb_line_break_holder] -->\ttransition: all 0.5s ease;<!-- [et_pb_line_break_holder] -->\tcursor: pointer;<!-- [et_pb_line_break_holder] -->\tdisplay: block;<!-- [et_pb_line_break_holder] -->\ttext-align: center;<!-- [et_pb_line_break_holder] -->\tline-height: 60px;<!-- [et_pb_line_break_holder] -->}<!-- [et_pb_line_break_holder] -->.slider-d6 .et-pb-slider-arrows .et-pb-arrow-next:hover, .slider-d6 .et-pb-slider-arrows .et-pb-arrow-prev:hover {<!-- [et_pb_line_break_holder] -->\topacity: 1;<!-- [et_pb_line_break_holder] -->}<!-- [et_pb_line_break_holder] -->.slider-d6 .et-pb-slider-arrows .et-pb-arrow-prev:before {<!-- [et_pb_line_break_holder] -->\tcontent: \"\\23\";<!-- [et_pb_line_break_holder] -->}<!-- [et_pb_line_break_holder] -->.slider-d6 .et-pb-slider-arrows .et-pb-arrow-next:before {<!-- [et_pb_line_break_holder] -->\tcontent: \"\\24\";<!-- [et_pb_line_break_holder] -->}<!-- [et_pb_line_break_holder] -->.slider-d6 .et-pb-slider-arrows .et-pb-arrow-prev {<!-- [et_pb_line_break_holder] -->\ttop: 36%;<!-- [et_pb_line_break_holder] -->\tleft: auto !important;<!-- [et_pb_line_break_holder] -->\tright: 150px !important;<!-- [et_pb_line_break_holder] -->}<!-- [et_pb_line_break_holder] -->.slider-d6 .et-pb-slider-arrows .et-pb-arrow-next {<!-- [et_pb_line_break_holder] -->\tright: 150px !important;<!-- [et_pb_line_break_holder] -->}<!-- [et_pb_line_break_holder] -->@media only screen and (max-width: 980px) {<!-- [et_pb_line_break_holder] -->.slider-d6 .et_pb_slide {<!-- [et_pb_line_break_holder] -->\tpadding: 0 0 0 8%;<!-- [et_pb_line_break_holder] -->}<!-- [et_pb_line_break_holder] -->.slider-d6 .et-pb-slider-arrows .et-pb-arrow-prev {<!-- [et_pb_line_break_holder] -->\ttop: auto;<!-- [et_pb_line_break_holder] -->\tbottom: 0;<!-- [et_pb_line_break_holder] -->\tleft: 22px !important;<!-- [et_pb_line_break_holder] -->}<!-- [et_pb_line_break_holder] -->.slider-d6 .et-pb-slider-arrows .et-pb-arrow-next {<!-- [et_pb_line_break_holder] -->\tright: 22px !important;<!-- [et_pb_line_break_holder] -->\ttop: auto;<!-- [et_pb_line_break_holder] -->\tbottom: 0;<!-- [et_pb_line_break_holder] -->}<!-- [et_pb_line_break_holder] -->}<!-- [et_pb_line_break_holder] --><!-- [et_pb_line_break_holder] --><\/style>\n<p>[\/et_pb_fullwidth_code][\/et_pb_section][et_pb_section fb_built=&#8221;1&#8243; _builder_version=&#8221;4.27.4&#8243; _module_preset=&#8221;default&#8221; global_colors_info=&#8221;{}&#8221;][et_pb_row _builder_version=&#8221;4.27.4&#8243; _module_preset=&#8221;default&#8221; global_colors_info=&#8221;{}&#8221;][et_pb_column type=&#8221;4_4&#8243; _builder_version=&#8221;4.27.4&#8243; _module_preset=&#8221;default&#8221; global_colors_info=&#8221;{}&#8221;][et_pb_text admin_label=&#8221;Tekst&#8221; _builder_version=&#8221;4.27.4&#8243; _module_preset=&#8221;default&#8221; global_colors_info=&#8221;{}&#8221;]<\/p>\n<h2 style=\"text-align: center;\"><a title=\"Padlaski Wianok\" href=\"https:\/\/ab-ba.com.pl\/index.php\/padlaski-wianok\/\"><span style=\"color: #000080;\">Nab\u00f3r do Zespo\u0142u Tanecznego &#8222;Padlaski Wianok&#8221; og\u0142oszony !!! Zapraszamy !!!<\/span><\/a><\/h2>\n<h2>\u00a0<\/h2>\n<p style=\"text-align: center;\">[\/et_pb_text][et_pb_image src=&#8221;https:\/\/ab-ba.com.pl\/wp-content\/uploads\/2025\/10\/FB_IMG_1758557331209-724&#215;1024.jpg&#8221; title_text=&#8221;FB_IMG_1758557331209&#8243; show_in_lightbox=&#8221;on&#8221; align=&#8221;center&#8221; admin_label=&#8221;Obraz&#8221; _builder_version=&#8221;4.27.4&#8243; _module_preset=&#8221;default&#8221; hover_enabled=&#8221;0&#8243; global_colors_info=&#8221;{}&#8221; sticky_enabled=&#8221;0&#8243;][\/et_pb_image][et_pb_text admin_label=&#8221;Tekst&#8221; _builder_version=&#8221;4.27.4&#8243; _module_preset=&#8221;default&#8221; global_colors_info=&#8221;{}&#8221;]<\/p>\n<h2>\u00a0<\/h2>\n<p>&nbsp;<\/p>\n<p>&nbsp;<\/p>\n<h2 style=\"text-align: center;\"><span style=\"color: #000000;\"><strong><u>INFORMACJA O MO\u017bLIWO\u015aCI NAUKI J\u0118ZYKA BIA\u0141ORUSKIEGO\u00a0 <\/u><u>W SZKO\u0141ACH PODSTAWOWYCH<\/u><\/strong><\/span><\/h2>\n<p>&nbsp;<\/p>\n<p style=\"text-align: center;\"><span style=\"font-size: 18pt; color: #000000;\"><strong>DRODZY RODZICE \/ OPIEKUNOWIE PRZEDSZKOLAK\u00d3W I UCZNI\u00d3W<\/strong><\/span><\/p>\n<p>[\/et_pb_text][et_pb_text _builder_version=&#8221;4.27.4&#8243; _module_preset=&#8221;default&#8221; global_colors_info=&#8221;{}&#8221;]<\/p>\n<p>&nbsp;<\/p>\n<p><span style=\"color: #000000;\">Informujemy o mo\u017cliwo\u015bci nauki przez dzieci j\u0119zyka bia\u0142oruskiego jako j\u0119zyka mniejszo\u015bci narodowej w szko\u0142ach podstawowych.<\/span><\/p>\n<p><span style=\"color: #000000;\"><strong><u>Dlaczego warto, aby dzieci uczy\u0142y si\u0119 j\u0119zyka bia\u0142oruskiego:<\/u><\/strong><\/span><\/p>\n<ul>\n<li><span style=\"color: #000000;\">poznaj\u0105 j\u0119zyk, kt\u00f3rym pos\u0142ugiwali si\u0119 ich przodkowie;<\/span><\/li>\n<li><span style=\"color: #000000;\">pozostaj\u0105 w kr\u0119gu oddzia\u0142ywania kultury i tradycji bia\u0142oruskich Podlasia, dzi\u0119ki czemu wytwarza si\u0119 u nich przywi\u0105zanie do tej kultury i tradycji;<\/span><\/li>\n<li><span style=\"color: #000000;\">podtrzymuj\u0105 swoj\u0105 to\u017csamo\u015b\u0107 narodow\u0105 lub etniczn\u0105;<\/span><\/li>\n<li><span style=\"color: #000000;\">ucz\u0105c si\u0119 kolejnego j\u0119zyka s\u0105 bardziej kreatywne, tw\u00f3rcze, aktywne, poszerzaj\u0105 swoje horyzonty my\u015blowe;<\/span><\/li>\n<li><span style=\"color: #000000;\">poznaj\u0105 r\u00f3wie\u015bnik\u00f3w, nawi\u0105zuj\u0105 nowe znajomo\u015bci z osobami z tego samego kr\u0119gu kulturowego;<\/span><\/li>\n<li><span style=\"color: #000000;\">poznaj\u0105 alfabet bia\u0142oruski oparty na cyrylicy, dzi\u0119ki czemu nabywaj\u0105 umiej\u0119tno\u015b\u0107 czytania w tym alfabecie;<\/span><\/li>\n<li><span style=\"color: #000000;\">mog\u0105 uczestniczy\u0107 w dodatkowych zaj\u0119ciach pozalekcyjnych zwi\u0105zanych z j\u0119zykiem bia\u0142oruskim, w tym organizowanych przez Stowarzyszenie AB-BA (np. taniec, \u015bpiew, k\u00f3\u0142ko teatralne, wyjazdy na tzw. letniki kulturowe, warsztaty etnograficzne);<\/span><\/li>\n<li><span style=\"color: #000000;\">mog\u0105 wyst\u0105pi\u0107 w r\u00f3\u017cnego rodzaju konkursach dotycz\u0105cych j\u0119zyka bia\u0142oruskiego (przedmiotowych, recytatorskich, wokalnych);<\/span><\/li>\n<li><span style=\"color: #000000;\">wsp\u00f3lna nauka sprzyja integracji mi\u0119dzy dzie\u0107mi oraz mi\u0119dzy rodzicami dzieci.<\/span><\/li>\n<\/ul>\n<p>&nbsp;<\/p>\n<p><span style=\"color: #000000;\"><strong><u>Co zrobi\u0107, aby podj\u0105\u0107 nauk\u0119 j\u0119zyka bia\u0142oruskiego w szkole:<\/u><\/strong><\/span><\/p>\n<ul>\n<li><span style=\"color: #000000;\">nauka jest prowadzona na wniosek rodzica \/ opiekuna prawnego ucznia b\u0119d\u0105cego obywatelem Rzeczypospolitej Polskiej;<\/span><\/li>\n<li><span style=\"color: #000000;\">wystarczy z\u0142o\u017cy\u0107 wniosek do dyrektora szko\u0142y, do kt\u00f3rej ucz\u0119szcza lub b\u0119dzie ucz\u0119szcza\u0142 ucze\u0144 \u2013 mo\u017cna to zrobi\u0107 nie tylko w ni\u017cej wymienionych szko\u0142ach, w kt\u00f3rych jest obecnie prowadzona nauka j\u0119zyka bia\u0142oruskiego, ale te\u017c w ka\u017cdej publicznej szkole podstawowej, a wi\u0119c w takich plac\u00f3wkach jak:<\/span>\n<ul>\n<li><span style=\"color: #000000;\">Szko\u0142a Podstawowa Nr 4 im. Sybirak\u00f3w w Bia\u0142ymstoku;<\/span><\/li>\n<li><span style=\"color: #000000;\">Niepubliczna Szko\u0142a Podstawowa \u015bw.\u015bw. Cyryla i Metodego w Bia\u0142ymstoku;<\/span><\/li>\n<li><span style=\"color: #000000;\">dowolna publiczna szko\u0142a podstawowa.<\/span><\/li>\n<\/ul>\n<\/li>\n<\/ul>\n<ul>\n<li><span style=\"color: #000000;\">wz\u00f3r wniosku okre\u015bla rozporz\u0105dzenie MEN z 2017 r., dost\u0119pne pod adresem: <a style=\"color: #000000;\" href=\"https:\/\/isap.sejm.gov.pl\/isap.nsf\/download.xsp\/WDU20170001627\/O\/D20171627.pdf\">https:\/\/isap.sejm.gov.pl\/isap.nsf\/download.xsp\/WDU20170001627\/O\/D20171627.pdf<\/a><\/span><\/li>\n<li><span style=\"color: #000000;\">wniosek ten nale\u017cy z\u0142o\u017cy\u0107 w sekretariacie szko\u0142y do 31 lipca.<\/span><\/li>\n<\/ul>\n<p>&nbsp;<\/p>\n<p><span style=\"color: #000000;\"><strong><u>Warto wiedzie\u0107 o zasadach organizacji nauki j\u0119zyka bia\u0142oruskiego:<\/u><\/strong><\/span><\/p>\n<ul>\n<li><span style=\"color: #000000;\">nauka j\u0119zyka bia\u0142oruskiego w szko\u0142ach jest dobrowolna i bezp\u0142atna;<\/span><\/li>\n<li><span style=\"color: #000000;\">z\u0142o\u017cenie wniosku o obj\u0119cie nauk\u0105 j\u0119zyka bia\u0142oruskiego tak\u017ce jest dobrowolne i bezp\u0142atne;<\/span><\/li>\n<li><span style=\"color: #000000;\">mo\u017cliwo\u015b\u0107 z\u0142o\u017cenia wniosku jest ustawowym prawem ucznia, kt\u00f3ry deklaruje ch\u0119\u0107 nauki j\u0119zyka mniejszo\u015bci narodowej, zatem wniosek musi by\u0107 przez dyrektora pozytywnie rozpatrzony i nie mo\u017ce by\u0107 odrzucony;<\/span><\/li>\n<li><span style=\"color: #000000;\">ucze\u0144, kt\u00f3ry ma by\u0107 obj\u0119ty nauk\u0105 j\u0119zyka mniejszo\u015bci narodowej<strong>, nie musi wykazywa\u0107 si\u0119 znajomo\u015bci\u0105 tego j\u0119zyka;<\/strong><\/span><\/li>\n<li><span style=\"color: #000000;\">zorganizowanie nauki j\u0119zyka mniejszo\u015bci w szkole podstawowej nie wymaga stosowania kryterium zaawansowania j\u0119zykowego;<\/span><\/li>\n<li><span style=\"color: #000000;\">wniosek nale\u017cy z\u0142o\u017cy\u0107 najp\u00f3\u017aniej do dnia:<\/span>\n<ul>\n<li><span style=\"color: #000000;\">31 lipca roku szkolnego poprzedzaj\u0105cego rok szkolny, w kt\u00f3rym dziecko rozpoczyna nauk\u0119 w szkole;<\/span><\/li>\n<li><span style=\"color: #000000;\">31 marca roku szkolnego poprzedzaj\u0105cego rok szkolny, kt\u00f3rego organizacja zaj\u0119\u0107 ma dotyczy\u0107 w pozosta\u0142ych przypadkach (z uwagi na zmiany w przepisach termin ten w 2025 roku zosta\u0142 przesuni\u0119ty z 31 marca na 31 lipca);<\/span><\/li>\n<\/ul>\n<\/li>\n<\/ul>\n<ol>\n<li style=\"list-style-type: none;\">\u00a0<\/li>\n<\/ol>\n<ul>\n<li><span style=\"color: #000000;\">zaj\u0119cia z j\u0119zyka bia\u0142oruskiego s\u0105 zaj\u0119ciami dodatkowymi, uwzgl\u0119dnianymi przez dyrektora w planie zaj\u0119\u0107 ucznia;<\/span><\/li>\n<li><span style=\"color: #000000;\">w ramach zaj\u0119\u0107 poznaje si\u0119 r\u00f3wnie\u017c histori\u0119 i kultur\u0119 bia\u0142oruskiej mniejszo\u015bci narodowej;<\/span><\/li>\n<li><span style=\"color: #000000;\">w Bia\u0142ymstoku nauka j\u0119zyka bia\u0142oruskiego jest prowadzona w spos\u00f3b zorganizowany SP nr 4 oraz w NSP CiM, ale ucze\u0144, kt\u00f3ry chcia\u0142by zosta\u0107 obj\u0119ty nauk\u0105 j\u0119zyka bia\u0142oruskiego nie musi ucz\u0119szcza\u0107 do tych plac\u00f3wek \u2013 ucze\u0144 mo\u017ce uczy\u0107 si\u0119 w innej szkole i z\u0142o\u017cy\u0107 w swojej szkole wniosek o obj\u0119cie nauk\u0105 j\u0119zyka bia\u0142oruskiego, w\u00f3wczas :<\/span>\n<ul>\n<li><span style=\"color: #000000;\">nauka jest organizowana w takiej szkole w formie oddzia\u0142u (klasy) \u2013 pod warunkiem, \u017ce zadeklaruje si\u0119 przynajmniej 7 os\u00f3b ch\u0119tnych na obj\u0119cie nauk\u0105 w danej szkole na poziomie klasy;<\/span><\/li>\n<li><span style=\"color: #000000;\">nauka jest organizowana w formie mi\u0119dzyoddzia\u0142owej (na lekcje z j\u0119zyka bia\u0142oruskiego chodz\u0105 uczniowie z r\u00f3\u017cnych klas) \u2013 je\u015bli ch\u0119tnych do nauki j\u0119zyka bia\u0142oruskiego w danej szkole b\u0119dzie mniej ni\u017c 7 os\u00f3b, lecz przynajmniej 3 osoby;<\/span><\/li>\n<li><span style=\"color: #000000;\">nauka jest organizowana w formie mi\u0119dzyszkolnej \u2013 (lekcje j\u0119zyka s\u0105 prowadzone w formie dodatkowej lekcji w jednej ze szk\u00f3\u0142 na terenie miasta) \u2013 je\u015bli ch\u0119tnych do nauki j\u0119zyka bia\u0142oruskiego w danej szkole b\u0119dzie mniej ni\u017c 3 osoby;<\/span><\/li>\n<\/ul>\n<\/li>\n<\/ul>\n<ul>\n<li><span style=\"color: #000000;\">uczniowie korzystaj\u0105 z bezp\u0142atnych podr\u0119cznik\u00f3w zapewnianych przez Kuratorium O\u015bwiaty w Bia\u0142ymstoku;<\/span><\/li>\n<li><span style=\"color: #000000;\">ocena z j\u0119zyka bia\u0142oruskiego jest umieszczana na \u015bwiadectwie szkolnym;<\/span><\/li>\n<li><span style=\"color: #000000;\">uczestnictwo w konkursie przedmiotowym z j\u0119zyka bia\u0142oruskiego odbywa si\u0119 na podobnych zasadach jak konkursy przedmiotowe z innych przedmiot\u00f3w;<\/span><\/li>\n<li><span style=\"color: #000000;\">istnieje mo\u017cliwo\u015b\u0107 rezygnacji z nauki od kolejnej klasy szko\u0142y podstawowej, jak i mo\u017cliwo\u015b\u0107 wznowienia tej nauki;<\/span><\/li>\n<li><span style=\"color: #000000;\">w przypadku ch\u0119ci uzyskania dodatkowych informacji o nauce j\u0119zyka bia\u0142oruskiego mo\u017cna zwr\u00f3ci\u0107 si\u0119 z pytaniem do Stowarzyszenia AB-BA na adres e-mail: <a style=\"color: #000000;\" href=\"mailto:ab_ba@poczta.onet.eu\">ab_ba@poczta.onet.eu<\/a> lub zajrze\u0107 na stron\u0119 internetow\u0105 Stowarzyszenia AB-BA: http:\/\/www.ab-ba.com.pl\/<\/span><\/li>\n<\/ul>\n<p>&nbsp;<\/p>\n<p style=\"text-align: center;\"><strong><span style=\"color: #000000;\">ZAPRASZAMY DO NAUKI J\u0118ZYKA BIA\u0141ORUSKIEGO!!!<\/span><\/strong><\/p>\n<p>[\/et_pb_text][\/et_pb_column][\/et_pb_row][\/et_pb_section][et_pb_section fb_built=&#8221;1&#8243; _builder_version=&#8221;4.27.4&#8243; _module_preset=&#8221;default&#8221; global_colors_info=&#8221;{}&#8221;][et_pb_row _builder_version=&#8221;4.27.4&#8243; _module_preset=&#8221;default&#8221; global_colors_info=&#8221;{}&#8221;][et_pb_column type=&#8221;4_4&#8243; _builder_version=&#8221;4.27.4&#8243; _module_preset=&#8221;default&#8221; global_colors_info=&#8221;{}&#8221;][et_pb_heading title=&#8221;WSPIERAJ\u0104 NAS:&#8221; _builder_version=&#8221;4.27.4&#8243; _module_preset=&#8221;default&#8221; title_font=&#8221;|800|||||||&#8221; title_text_align=&#8221;center&#8221; global_colors_info=&#8221;{}&#8221;][\/et_pb_heading][\/et_pb_column][\/et_pb_row][et_pb_row column_structure=&#8221;1_4,1_4,1_4,1_4&#8243; _builder_version=&#8221;4.27.4&#8243; _module_preset=&#8221;default&#8221; global_colors_info=&#8221;{}&#8221;][et_pb_column type=&#8221;1_4&#8243; _builder_version=&#8221;4.27.4&#8243; _module_preset=&#8221;default&#8221; global_colors_info=&#8221;{}&#8221;][et_pb_image src=&#8221;https:\/\/ab-ba.com.pl\/wp-content\/uploads\/2025\/03\/logopodlaskie-scaled.jpg&#8221; title_text=&#8221;logopodlaskie&#8221; url=&#8221;https:\/\/podlaskie.eu&#8221; url_new_window=&#8221;on&#8221; _builder_version=&#8221;4.27.4&#8243; _module_preset=&#8221;default&#8221; global_colors_info=&#8221;{}&#8221;][\/et_pb_image][\/et_pb_column][et_pb_column type=&#8221;1_4&#8243; _builder_version=&#8221;4.27.4&#8243; _module_preset=&#8221;default&#8221; global_colors_info=&#8221;{}&#8221;][et_pb_image src=&#8221;https:\/\/ab-ba.com.pl\/wp-content\/uploads\/2025\/03\/LOGOMSWIA.png&#8221; title_text=&#8221;LOGOMSWIA&#8221; url=&#8221;https:\/\/www.gov.pl\/web\/mswia\/departament-wyznan-religijnych-oraz-mniejszosci-narodowych-i-etnicznych&#8221; url_new_window=&#8221;on&#8221; show_bottom_space=&#8221;off&#8221; align=&#8221;center&#8221; _builder_version=&#8221;4.27.4&#8243; _module_preset=&#8221;default&#8221; module_alignment=&#8221;center&#8221; custom_margin=&#8221;20px||||false|false&#8221; global_colors_info=&#8221;{}&#8221;][\/et_pb_image][\/et_pb_column][et_pb_column type=&#8221;1_4&#8243; _builder_version=&#8221;4.27.4&#8243; _module_preset=&#8221;default&#8221; global_colors_info=&#8221;{}&#8221;][et_pb_image src=&#8221;https:\/\/ab-ba.com.pl\/wp-content\/uploads\/2025\/03\/0x0.png&#8221; title_text=&#8221;0x0&#8243; url=&#8221;https:\/\/www.bialystok.pl&#8221; _builder_version=&#8221;4.27.4&#8243; _module_preset=&#8221;default&#8221; global_colors_info=&#8221;{}&#8221;][\/et_pb_image][\/et_pb_column][et_pb_column type=&#8221;1_4&#8243; _builder_version=&#8221;4.27.4&#8243; _module_preset=&#8221;default&#8221; global_colors_info=&#8221;{}&#8221;][et_pb_image src=&#8221;https:\/\/ab-ba.com.pl\/wp-content\/uploads\/2025\/03\/05_znak_uproszczony_kolor_biale_tlo.png&#8221; title_text=&#8221;LOGOMSWIA&#8221; url=&#8221;https:\/\/www.gov.pl\/web\/edukacja&#8221; _builder_version=&#8221;4.27.4&#8243; _module_preset=&#8221;default&#8221; global_colors_info=&#8221;{}&#8221;][\/et_pb_image][\/et_pb_column][\/et_pb_row][\/et_pb_section][et_pb_section fb_built=&#8221;1&#8243; fullwidth=&#8221;on&#8221; _builder_version=&#8221;4.27.4&#8243; _module_preset=&#8221;default&#8221; global_colors_info=&#8221;{}&#8221;][et_pb_fullwidth_map address=&#8221;Cz\u0119stochowska 6A, 15-446 Bia\u0142ystok, Polska&#8221; zoom_level=&#8221;17&#8243; address_lat=&#8221;53.1346421&#8243; address_lng=&#8221;23.152789&#8243; _builder_version=&#8221;4.27.4&#8243; _module_preset=&#8221;default&#8221; global_colors_info=&#8221;{}&#8221;][et_pb_map_pin title=&#8221;Stowarzyszenie na Rzecz Dzieci i M\u0142odzie\u017cy Ucz\u0105cych si\u0119 J\u0119zyka Bia\u0142oruskiego AB-BA&#8221; pin_address=&#8221;Cz\u0119stochowska 6A, 15-446 Bia\u0142ystok, Polska&#8221; zoom_level=&#8221;16&#8243; pin_address_lat=&#8221;53.1346421&#8243; pin_address_lng=&#8221;23.152789&#8243; _builder_version=&#8221;4.27.4&#8243; _module_preset=&#8221;default&#8221; global_colors_info=&#8221;{}&#8221;][\/et_pb_map_pin][\/et_pb_fullwidth_map][\/et_pb_section]<\/p>\n","protected":false},"excerpt":{"rendered":"<p>Stowarzyszenie AB-BARealizowane projektyPadlaski WianokNab\u00f3r do Zespo\u0142u Tanecznego &#8222;Padlaski Wianok&#8221; og\u0142oszony !!! Zapraszamy !!! \u00a0 \u00a0 &nbsp; &nbsp; INFORMACJA O MO\u017bLIWO\u015aCI NAUKI J\u0118ZYKA BIA\u0141ORUSKIEGO\u00a0 W SZKO\u0141ACH PODSTAWOWYCH &nbsp; DRODZY RODZICE \/ OPIEKUNOWIE PRZEDSZKOLAK\u00d3W I UCZNI\u00d3W&nbsp; Informujemy o mo\u017cliwo\u015bci nauki przez dzieci j\u0119zyka bia\u0142oruskiego jako j\u0119zyka mniejszo\u015bci narodowej w szko\u0142ach podstawowych. Dlaczego warto, aby dzieci uczy\u0142y si\u0119 [&hellip;]<\/p>\n","protected":false},"author":1,"featured_media":0,"parent":0,"menu_order":0,"comment_status":"closed","ping_status":"closed","template":"","meta":{"_et_pb_use_builder":"on","_et_pb_old_content":"","_et_gb_content_width":"","footnotes":""},"class_list":["post-11","page","type-page","status-publish","hentry"],"aioseo_notices":[],"_links":{"self":[{"href":"https:\/\/ab-ba.com.pl\/index.php\/wp-json\/wp\/v2\/pages\/11","targetHints":{"allow":["GET"]}}],"collection":[{"href":"https:\/\/ab-ba.com.pl\/index.php\/wp-json\/wp\/v2\/pages"}],"about":[{"href":"https:\/\/ab-ba.com.pl\/index.php\/wp-json\/wp\/v2\/types\/page"}],"author":[{"embeddable":true,"href":"https:\/\/ab-ba.com.pl\/index.php\/wp-json\/wp\/v2\/users\/1"}],"replies":[{"embeddable":true,"href":"https:\/\/ab-ba.com.pl\/index.php\/wp-json\/wp\/v2\/comments?post=11"}],"version-history":[{"count":43,"href":"https:\/\/ab-ba.com.pl\/index.php\/wp-json\/wp\/v2\/pages\/11\/revisions"}],"predecessor-version":[{"id":987498643,"href":"https:\/\/ab-ba.com.pl\/index.php\/wp-json\/wp\/v2\/pages\/11\/revisions\/987498643"}],"wp:attachment":[{"href":"https:\/\/ab-ba.com.pl\/index.php\/wp-json\/wp\/v2\/media?parent=11"}],"curies":[{"name":"wp","href":"https:\/\/api.w.org\/{rel}","templated":true}]}}