{"id":987497933,"date":"2025-03-02T22:18:35","date_gmt":"2025-03-02T22:18:35","guid":{"rendered":"https:\/\/ab-ba.com.pl\/?page_id=987497933"},"modified":"2025-04-05T16:41:41","modified_gmt":"2025-04-05T16:41:41","slug":"bialoruskie-etnowarsztaty-2024","status":"publish","type":"page","link":"https:\/\/ab-ba.com.pl\/index.php\/realizowane-projekty\/dotacje-z-budzetu-wojewodztwa-podlaskiego\/bialoruskie-etnowarsztaty-2024\/","title":{"rendered":"Bia\u0142oruskie etnowarsztaty 2024"},"content":{"rendered":"<p>[et_pb_section fb_built=&#8221;1&#8243; fullwidth=&#8221;on&#8221; _builder_version=&#8221;4.27.4&#8243; _module_preset=&#8221;default&#8221; global_colors_info=&#8221;{}&#8221;][et_pb_fullwidth_image src=&#8221;https:\/\/ab-ba.com.pl\/wp-content\/uploads\/2025\/03\/projekty.jpg&#8221; title_text=&#8221;projekty&#8221; _builder_version=&#8221;4.27.4&#8243; _module_preset=&#8221;default&#8221; global_colors_info=&#8221;{}&#8221;][\/et_pb_fullwidth_image][\/et_pb_section][et_pb_section fb_built=&#8221;1&#8243; _builder_version=&#8221;4.27.4&#8243; _module_preset=&#8221;default&#8221; global_colors_info=&#8221;{}&#8221;][et_pb_row _builder_version=&#8221;4.27.4&#8243; _module_preset=&#8221;default&#8221; global_colors_info=&#8221;{}&#8221;][et_pb_column type=&#8221;4_4&#8243; _builder_version=&#8221;4.27.4&#8243; _module_preset=&#8221;default&#8221; global_colors_info=&#8221;{}&#8221;][et_pb_text _builder_version=&#8221;4.27.4&#8243; _module_preset=&#8221;default&#8221; global_colors_info=&#8221;{}&#8221;]<\/p>\n<h1 style=\"font-weight: 400; text-align: center;\"><strong>Bia\u0142oruskie etnowarsztaty 2024<\/strong><\/h1>\n<p>&nbsp;<\/p>\n<p style=\"font-weight: 400; text-align: justify;\">W ramach projektu odby\u0142 si\u0119 szereg dzia\u0142a\u0144 rozwijaj\u0105cych umiej\u0119tno\u015bci taneczne, artystyczne, wokalne dzieci i m\u0142odzie\u017cy mniejszo\u015bci bia\u0142oruskiej ucz\u0105cej si\u0119 j\u0119zyka bia\u0142oruskiego w Szkole Podstawowej nr 4 im. Sybirak\u00f3w w Bia\u0142ymstoku oraz w szko\u0142ach ponadpodstawowych. Dzia\u0142ania te maj\u0105 na celu promocj\u0119 dzia\u0142a\u0144 kulturalnych realizowanych przez mniejszo\u015b\u0107 bia\u0142orusk\u0105 i dla mniejszo\u015bci bia\u0142oruskiej. Udzia\u0142 we wszystkich dzia\u0142aniach by\u0142 bezp\u0142atny. Dzi\u0119ki projektowi m\u0142odzie\u017c rozwija\u0142a si\u0119 podczas warsztat\u00f3w tanecznych i wokalnych, a wsp\u00f3lnie z rodzicami i rodze\u0144stwem uczniowie brali udzia\u0142 w wyjazdowych warsztatach ta\u0144ca obrz\u0119dowego i r\u0119kodzie\u0142a<\/p>\n<p>[\/et_pb_text][\/et_pb_column][\/et_pb_row][\/et_pb_section]<\/p>\n","protected":false},"excerpt":{"rendered":"<p>Bia\u0142oruskie etnowarsztaty 2024 &nbsp; W ramach projektu odby\u0142 si\u0119 szereg dzia\u0142a\u0144 rozwijaj\u0105cych umiej\u0119tno\u015bci taneczne, artystyczne, wokalne dzieci i m\u0142odzie\u017cy mniejszo\u015bci bia\u0142oruskiej ucz\u0105cej si\u0119 j\u0119zyka bia\u0142oruskiego w Szkole Podstawowej nr 4 im. Sybirak\u00f3w w Bia\u0142ymstoku oraz w szko\u0142ach ponadpodstawowych. Dzia\u0142ania te maj\u0105 na celu promocj\u0119 dzia\u0142a\u0144 kulturalnych realizowanych przez mniejszo\u015b\u0107 bia\u0142orusk\u0105 i dla mniejszo\u015bci bia\u0142oruskiej. Udzia\u0142 [&hellip;]<\/p>\n","protected":false},"author":1,"featured_media":0,"parent":987497921,"menu_order":0,"comment_status":"closed","ping_status":"closed","template":"","meta":{"_et_pb_use_builder":"on","_et_pb_old_content":"","_et_gb_content_width":"","footnotes":""},"class_list":["post-987497933","page","type-page","status-publish","hentry"],"aioseo_notices":[],"_links":{"self":[{"href":"https:\/\/ab-ba.com.pl\/index.php\/wp-json\/wp\/v2\/pages\/987497933","targetHints":{"allow":["GET"]}}],"collection":[{"href":"https:\/\/ab-ba.com.pl\/index.php\/wp-json\/wp\/v2\/pages"}],"about":[{"href":"https:\/\/ab-ba.com.pl\/index.php\/wp-json\/wp\/v2\/types\/page"}],"author":[{"embeddable":true,"href":"https:\/\/ab-ba.com.pl\/index.php\/wp-json\/wp\/v2\/users\/1"}],"replies":[{"embeddable":true,"href":"https:\/\/ab-ba.com.pl\/index.php\/wp-json\/wp\/v2\/comments?post=987497933"}],"version-history":[{"count":6,"href":"https:\/\/ab-ba.com.pl\/index.php\/wp-json\/wp\/v2\/pages\/987497933\/revisions"}],"predecessor-version":[{"id":987498594,"href":"https:\/\/ab-ba.com.pl\/index.php\/wp-json\/wp\/v2\/pages\/987497933\/revisions\/987498594"}],"up":[{"embeddable":true,"href":"https:\/\/ab-ba.com.pl\/index.php\/wp-json\/wp\/v2\/pages\/987497921"}],"wp:attachment":[{"href":"https:\/\/ab-ba.com.pl\/index.php\/wp-json\/wp\/v2\/media?parent=987497933"}],"curies":[{"name":"wp","href":"https:\/\/api.w.org\/{rel}","templated":true}]}}