{"id":987497936,"date":"2025-03-02T22:19:03","date_gmt":"2025-03-02T22:19:03","guid":{"rendered":"https:\/\/ab-ba.com.pl\/?page_id=987497936"},"modified":"2025-04-05T16:22:33","modified_gmt":"2025-04-05T16:22:33","slug":"gala-i-wystawa-jubileuszowa-z-okazji-10-lecia-zespolu-padlaski-wianok","status":"publish","type":"page","link":"https:\/\/ab-ba.com.pl\/index.php\/realizowane-projekty\/dotacje-z-budzetu-wojewodztwa-podlaskiego\/gala-i-wystawa-jubileuszowa-z-okazji-10-lecia-zespolu-padlaski-wianok\/","title":{"rendered":"Gala i wystawa jubileuszowa z okazji 10-lecia zespo\u0142u &#8222;Padlaski Wianok&#8221;"},"content":{"rendered":"<p>[et_pb_section fb_built=&#8221;1&#8243; fullwidth=&#8221;on&#8221; _builder_version=&#8221;4.27.4&#8243; _module_preset=&#8221;default&#8221; global_colors_info=&#8221;{}&#8221;][et_pb_fullwidth_image src=&#8221;https:\/\/ab-ba.com.pl\/wp-content\/uploads\/2025\/03\/projekty.jpg&#8221; title_text=&#8221;projekty&#8221; _builder_version=&#8221;4.27.4&#8243; _module_preset=&#8221;default&#8221; global_colors_info=&#8221;{}&#8221;][\/et_pb_fullwidth_image][\/et_pb_section][et_pb_section fb_built=&#8221;1&#8243; _builder_version=&#8221;4.27.4&#8243; _module_preset=&#8221;default&#8221; global_colors_info=&#8221;{}&#8221;][et_pb_row _builder_version=&#8221;4.27.4&#8243; _module_preset=&#8221;default&#8221; global_colors_info=&#8221;{}&#8221;][et_pb_column type=&#8221;4_4&#8243; _builder_version=&#8221;4.27.4&#8243; _module_preset=&#8221;default&#8221; global_colors_info=&#8221;{}&#8221;][et_pb_text _builder_version=&#8221;4.27.4&#8243; _module_preset=&#8221;default&#8221; hover_enabled=&#8221;0&#8243; global_colors_info=&#8221;{}&#8221; sticky_enabled=&#8221;0&#8243;]<\/p>\n<h1 style=\"text-align: center;\"><strong>Gala i wystawa jubileuszowa z okazji 10-lecia zespo\u0142u &#8222;Padlaski Wianok&#8221;<\/strong><\/h1>\n<p>&nbsp;<\/p>\n<p style=\"text-align: justify;\">W ramach zadania \u015bwi\u0119towali\u015bmy z otwarcie 10. jubileuszowy sezon artystycznego Zespo\u0142u Tanecznego \u201ePadlaski Wianok\u201d, dzi\u0119ki czemu odby\u0142 si\u0119 niezapomniany koncert, transmitowany na FB stowarzyszenia, przygotowali\u015bmy pami\u0105tkowe pakiety dla uczestnik\u00f3w zespo\u0142u, powsta\u0142 spot promocyjny i pami\u0105tkowy album.<\/p>\n<p>[\/et_pb_text][et_pb_video src=&#8221;https:\/\/ab-ba.com.pl\/wp-content\/uploads\/2025\/04\/Klip-Pad-Wian-10.mp4&#8243; image_src=&#8221;https:\/\/ab-ba.com.pl\/wp-content\/uploads\/2025\/04\/20230603-AB-BA-35-scaled.jpg&#8221; admin_label=&#8221;Klip wideo&#8221; _builder_version=&#8221;4.27.4&#8243; _module_preset=&#8221;default&#8221; global_colors_info=&#8221;{}&#8221;][\/et_pb_video][et_pb_text admin_label=&#8221;Tekst&#8221; _builder_version=&#8221;4.27.4&#8243; _module_preset=&#8221;default&#8221; global_colors_info=&#8221;{}&#8221;]<\/p>\n<h1 style=\"font-weight: 400; text-align: center;\"><span style=\"font-size: 14pt;\"><strong>Zdj\u0119cia z gali z okazji rozpocz\u0119cia 10 sezonu tanecznego Zespo\u0142u &#8222;Padlaski Wianok&#8221;<\/strong><\/span><\/h1>\n<p style=\"font-weight: 400; text-align: justify;\">[\/et_pb_text][et_pb_gallery gallery_ids=&#8221;987498387,987498388,987498389,987498390,987498391,987498394,987498395,987498396,987498397,987498398,987498386,987498401,987498402,987498403,987498406,987498407,987498408,987498409,987498410,987498411,987498412,987498414,987498415,987498416,987498418,987498419,987498421,987498422,987498423,987498424,987498425,987498426,987498427,987498428,987498429,987498430,987498431,987498432,987498433,987498434,987498435,987498436,987498437,987498438,987498439,987498440,987498441,987498442,987498443,987498444,987498445,987498446,987498447,987498448,987498449,987498450,987498451,987498452,987498453,987498454,987498455,987498456,987498457,987498458,987498459,987498460,987498461,987498462,987498463,987498464,987498465,987498466,987498467,987498468,987498469,987498470,987498471,987498472,987498473,987498474,987498475,987498476,987498477,987498478,987498479,987498480&#8243; posts_number=&#8221;12&#8243; show_title_and_caption=&#8221;off&#8221; show_title_and_caption_last_edited=&#8221;off|phone&#8221; disabled_on=&#8221;off|off|off&#8221; _builder_version=&#8221;4.27.4&#8243; _module_preset=&#8221;default&#8221; box_shadow_style_image=&#8221;preset2&#8243; global_colors_info=&#8221;{}&#8221; admin_label=&#8221;Galeria&#8221;][\/et_pb_gallery][\/et_pb_column][\/et_pb_row][\/et_pb_section]<\/p>\n","protected":false},"excerpt":{"rendered":"<p>Gala i wystawa jubileuszowa z okazji 10-lecia zespo\u0142u &#8222;Padlaski Wianok&#8221; &nbsp; W ramach zadania \u015bwi\u0119towali\u015bmy z otwarcie 10. jubileuszowy sezon artystycznego Zespo\u0142u Tanecznego \u201ePadlaski Wianok\u201d, dzi\u0119ki czemu odby\u0142 si\u0119 niezapomniany koncert, transmitowany na FB stowarzyszenia, przygotowali\u015bmy pami\u0105tkowe pakiety dla uczestnik\u00f3w zespo\u0142u, powsta\u0142 spot promocyjny i pami\u0105tkowy album.Zdj\u0119cia z gali z okazji rozpocz\u0119cia 10 sezonu tanecznego [&hellip;]<\/p>\n","protected":false},"author":1,"featured_media":0,"parent":987497921,"menu_order":0,"comment_status":"closed","ping_status":"closed","template":"","meta":{"_et_pb_use_builder":"on","_et_pb_old_content":"","_et_gb_content_width":"","footnotes":""},"class_list":["post-987497936","page","type-page","status-publish","hentry"],"aioseo_notices":[],"_links":{"self":[{"href":"https:\/\/ab-ba.com.pl\/index.php\/wp-json\/wp\/v2\/pages\/987497936","targetHints":{"allow":["GET"]}}],"collection":[{"href":"https:\/\/ab-ba.com.pl\/index.php\/wp-json\/wp\/v2\/pages"}],"about":[{"href":"https:\/\/ab-ba.com.pl\/index.php\/wp-json\/wp\/v2\/types\/page"}],"author":[{"embeddable":true,"href":"https:\/\/ab-ba.com.pl\/index.php\/wp-json\/wp\/v2\/users\/1"}],"replies":[{"embeddable":true,"href":"https:\/\/ab-ba.com.pl\/index.php\/wp-json\/wp\/v2\/comments?post=987497936"}],"version-history":[{"count":9,"href":"https:\/\/ab-ba.com.pl\/index.php\/wp-json\/wp\/v2\/pages\/987497936\/revisions"}],"predecessor-version":[{"id":987498558,"href":"https:\/\/ab-ba.com.pl\/index.php\/wp-json\/wp\/v2\/pages\/987497936\/revisions\/987498558"}],"up":[{"embeddable":true,"href":"https:\/\/ab-ba.com.pl\/index.php\/wp-json\/wp\/v2\/pages\/987497921"}],"wp:attachment":[{"href":"https:\/\/ab-ba.com.pl\/index.php\/wp-json\/wp\/v2\/media?parent=987497936"}],"curies":[{"name":"wp","href":"https:\/\/api.w.org\/{rel}","templated":true}]}}