{"id":987497962,"date":"2025-03-02T22:30:20","date_gmt":"2025-03-02T22:30:20","guid":{"rendered":"https:\/\/ab-ba.com.pl\/?page_id=987497962"},"modified":"2025-04-05T16:36:07","modified_gmt":"2025-04-05T16:36:07","slug":"letnie-warsztaty-etnograficzne-ja-naradziusia-tut-2","status":"publish","type":"page","link":"https:\/\/ab-ba.com.pl\/index.php\/realizowane-projekty\/zadania-dofinansowane-z-dotacji-ministra-spraw-wewnetrznych-i-administracji\/letnie-warsztaty-etnograficzne-ja-naradziusia-tut-2\/","title":{"rendered":"Letnie warsztaty etnograficzne \u201eJa naradziusia tut\u201d"},"content":{"rendered":"<p>[et_pb_section fb_built=&#8221;1&#8243; fullwidth=&#8221;on&#8221; _builder_version=&#8221;4.27.4&#8243; _module_preset=&#8221;default&#8221; global_colors_info=&#8221;{}&#8221;][et_pb_fullwidth_image src=&#8221;https:\/\/ab-ba.com.pl\/wp-content\/uploads\/2025\/03\/projekty.jpg&#8221; _builder_version=&#8221;4.27.4&#8243; _module_preset=&#8221;default&#8221; global_colors_info=&#8221;{}&#8221;][\/et_pb_fullwidth_image][\/et_pb_section][et_pb_section fb_built=&#8221;1&#8243; _builder_version=&#8221;4.27.4&#8243; _module_preset=&#8221;default&#8221; global_colors_info=&#8221;{}&#8221;][et_pb_row _builder_version=&#8221;4.27.4&#8243; _module_preset=&#8221;default&#8221; global_colors_info=&#8221;{}&#8221;][et_pb_column type=&#8221;4_4&#8243; _builder_version=&#8221;4.27.4&#8243; _module_preset=&#8221;default&#8221; global_colors_info=&#8221;{}&#8221;][et_pb_text _builder_version=&#8221;4.27.4&#8243; _module_preset=&#8221;default&#8221; hover_enabled=&#8221;0&#8243; global_colors_info=&#8221;{}&#8221; sticky_enabled=&#8221;0&#8243;]<\/p>\n<h1 style=\"font-weight: 400; text-align: center;\"><strong>Warsztaty odby\u0142y si\u0119 w tym roku w dw\u00f3ch turach: na prze\u0142omie maja i czerwca w Lewkowie Starym oraz na prze\u0142omie czerwca i lipca w Bia\u0142owie\u017cy.<\/strong><\/h1>\n<p>&nbsp;<\/p>\n<p style=\"font-weight: 400; text-align: justify;\">Dzi\u0119ki realizowanym corocznie od 2004 r. Letnim warsztatom etnograficznych &#8222;Ja naradzi\u016dsia tut&#8221;, uczestnicy poznaj\u0105 dorobek kulturowy regionu zamieszkiwanego w znacznej cz\u0119\u015bci przez mniejszo\u015b\u0107 bia\u0142orusk\u0105, jednocze\u015bnie wzmacniaj\u0105c w\u0142asne poczucie to\u017csamo\u015bci i przynale\u017cno\u015bci do szerszej grupy, nie tylko rodzinnej, klasowej czy teatralnej, a tak\u017ce regionalnej i narodowej. Sp\u0119dzanie wsp\u00f3lnie czasu w nowym otoczeniu, w kt\u00f3rym funkcjonuje r\u00f3wnie\u017c mniejszo\u015b\u0107 bia\u0142oruska, sprzyja kontaktom mi\u0119dzypokoleniowym i poznawaniu nowych \u015brodowisk, perspektyw, tw\u00f3rc\u00f3w, styl\u00f3w \u017cycia i zdobywaniu nowych do\u015bwiadcze\u0144.<\/p>\n<p style=\"font-weight: 400; text-align: justify;\">Zaj\u0119cia warsztatowe maj\u0105 na celu rozw\u00f3j aktywno\u015bci tw\u00f3rczej uczni\u00f3w, kt\u00f3rej nie s\u0105 w stanie zrealizowa\u0107 w pe\u0142ni podczas lekcji j\u0119zyka bia\u0142oruskiego, maj\u0105cych okre\u015blony program i wymagania, a tak\u017ce rozw\u00f3j ich poczucia estetyki oraz umiej\u0119tno\u015bci manualnych. Podczas warsztat\u00f3w prowadzonych w j\u0119zyku bia\u0142oruskim s\u0105 rozwijane umiej\u0119tno\u015bci komunikacyjne oraz s\u0142ownictwo uczni\u00f3w. Uczniowie zdobywaj\u0105 r\u00f3wnocze\u015bnie wiedz\u0119 dotycz\u0105c\u0105 historii, sztuki, tradycji i obrz\u0119d\u00f3w mieszka\u0144c\u00f3w gmin zamieszka\u0142ych przez mniejszo\u015b\u0107 bia\u0142orusk\u0105, poprzez udzia\u0142 w zaj\u0119ciach warsztatowych, spotkaniach, wycieczkach.<\/p>\n<p style=\"font-weight: 400; text-align: justify;\">Taki rodzaj zaj\u0119\u0107 i sp\u0119dzania czasu wolnego poza szko\u0142\u0105 sprzyja budowaniu relacji r\u00f3wie\u015bniczych i wzmacnianiu poczucia to\u017csamo\u015bci narodowej m. in. poprzez przynale\u017cno\u015b\u0107 do grupy o takim samym poczuciu.<\/p>\n<p>[\/et_pb_text][\/et_pb_column][\/et_pb_row][\/et_pb_section]<\/p>\n","protected":false},"excerpt":{"rendered":"<p>Warsztaty odby\u0142y si\u0119 w tym roku w dw\u00f3ch turach: na prze\u0142omie maja i czerwca w Lewkowie Starym oraz na prze\u0142omie czerwca i lipca w Bia\u0142owie\u017cy. &nbsp; Dzi\u0119ki realizowanym corocznie od 2004 r. Letnim warsztatom etnograficznych &#8222;Ja naradzi\u016dsia tut&#8221;, uczestnicy poznaj\u0105 dorobek kulturowy regionu zamieszkiwanego w znacznej cz\u0119\u015bci przez mniejszo\u015b\u0107 bia\u0142orusk\u0105, jednocze\u015bnie wzmacniaj\u0105c w\u0142asne poczucie to\u017csamo\u015bci [&hellip;]<\/p>\n","protected":false},"author":1,"featured_media":0,"parent":987497924,"menu_order":0,"comment_status":"closed","ping_status":"closed","template":"","meta":{"_et_pb_use_builder":"on","_et_pb_old_content":"","_et_gb_content_width":"","footnotes":""},"class_list":["post-987497962","page","type-page","status-publish","hentry"],"aioseo_notices":[],"_links":{"self":[{"href":"https:\/\/ab-ba.com.pl\/index.php\/wp-json\/wp\/v2\/pages\/987497962","targetHints":{"allow":["GET"]}}],"collection":[{"href":"https:\/\/ab-ba.com.pl\/index.php\/wp-json\/wp\/v2\/pages"}],"about":[{"href":"https:\/\/ab-ba.com.pl\/index.php\/wp-json\/wp\/v2\/types\/page"}],"author":[{"embeddable":true,"href":"https:\/\/ab-ba.com.pl\/index.php\/wp-json\/wp\/v2\/users\/1"}],"replies":[{"embeddable":true,"href":"https:\/\/ab-ba.com.pl\/index.php\/wp-json\/wp\/v2\/comments?post=987497962"}],"version-history":[{"count":4,"href":"https:\/\/ab-ba.com.pl\/index.php\/wp-json\/wp\/v2\/pages\/987497962\/revisions"}],"predecessor-version":[{"id":987498582,"href":"https:\/\/ab-ba.com.pl\/index.php\/wp-json\/wp\/v2\/pages\/987497962\/revisions\/987498582"}],"up":[{"embeddable":true,"href":"https:\/\/ab-ba.com.pl\/index.php\/wp-json\/wp\/v2\/pages\/987497924"}],"wp:attachment":[{"href":"https:\/\/ab-ba.com.pl\/index.php\/wp-json\/wp\/v2\/media?parent=987497962"}],"curies":[{"name":"wp","href":"https:\/\/api.w.org\/{rel}","templated":true}]}}