{"id":987497971,"date":"2025-03-02T22:32:47","date_gmt":"2025-03-02T22:32:47","guid":{"rendered":"https:\/\/ab-ba.com.pl\/?page_id=987497971"},"modified":"2025-04-05T16:18:30","modified_gmt":"2025-04-05T16:18:30","slug":"zadania-dofinansowane-z-ministerstwa-edukacji-narodowej","status":"publish","type":"page","link":"https:\/\/ab-ba.com.pl\/index.php\/realizowane-projekty\/zadania-dofinansowane-z-ministerstwa-edukacji-narodowej\/","title":{"rendered":"Zadania dofinansowane z Ministerstwa Edukacji Narodowej"},"content":{"rendered":"<p>[et_pb_section fb_built=&#8221;1&#8243; fullwidth=&#8221;on&#8221; _builder_version=&#8221;4.27.4&#8243; _module_preset=&#8221;default&#8221; global_colors_info=&#8221;{}&#8221;][et_pb_fullwidth_image src=&#8221;https:\/\/ab-ba.com.pl\/wp-content\/uploads\/2025\/03\/projekty.jpg&#8221; _builder_version=&#8221;4.27.4&#8243; _module_preset=&#8221;default&#8221; global_colors_info=&#8221;{}&#8221;][\/et_pb_fullwidth_image][\/et_pb_section][et_pb_section fb_built=&#8221;1&#8243; _builder_version=&#8221;4.27.4&#8243; _module_preset=&#8221;default&#8221; global_colors_info=&#8221;{}&#8221;][et_pb_row _builder_version=&#8221;4.27.4&#8243; _module_preset=&#8221;default&#8221; global_colors_info=&#8221;{}&#8221;][et_pb_column type=&#8221;4_4&#8243; _builder_version=&#8221;4.27.4&#8243; _module_preset=&#8221;default&#8221; global_colors_info=&#8221;{}&#8221;][et_pb_text _builder_version=&#8221;4.27.4&#8243; _module_preset=&#8221;default&#8221; global_colors_info=&#8221;{}&#8221;]<\/p>\n<h1 style=\"text-align: center;\"><strong>Zadania dofinansowane z Ministerstwa Edukacji Narodowej<\/strong><\/h1>\n<p>[\/et_pb_text][\/et_pb_column][\/et_pb_row][et_pb_row column_structure=&#8221;1_5,3_5,1_5&#8243; _builder_version=&#8221;4.27.4&#8243; _module_preset=&#8221;default&#8221; global_colors_info=&#8221;{}&#8221;][et_pb_column type=&#8221;1_5&#8243; _builder_version=&#8221;4.27.4&#8243; _module_preset=&#8221;default&#8221; global_colors_info=&#8221;{}&#8221;][\/et_pb_column][et_pb_column type=&#8221;3_5&#8243; _builder_version=&#8221;4.27.4&#8243; _module_preset=&#8221;default&#8221; global_colors_info=&#8221;{}&#8221;][et_pb_image src=&#8221;https:\/\/ab-ba.com.pl\/wp-content\/uploads\/2025\/03\/05_znak_uproszczony_kolor_biale_tlo.png&#8221; _builder_version=&#8221;4.27.4&#8243; _module_preset=&#8221;default&#8221; global_colors_info=&#8221;{}&#8221;][\/et_pb_image][\/et_pb_column][et_pb_column type=&#8221;1_5&#8243; _builder_version=&#8221;4.27.4&#8243; _module_preset=&#8221;default&#8221; global_colors_info=&#8221;{}&#8221;][\/et_pb_column][\/et_pb_row][et_pb_row _builder_version=&#8221;4.27.4&#8243; _module_preset=&#8221;default&#8221; global_colors_info=&#8221;{}&#8221;][et_pb_column type=&#8221;4_4&#8243; _builder_version=&#8221;4.27.4&#8243; _module_preset=&#8221;default&#8221; global_colors_info=&#8221;{}&#8221;][et_pb_text _builder_version=&#8221;4.27.4&#8243; _module_preset=&#8221;default&#8221; global_colors_info=&#8221;{}&#8221;]<\/p>\n<p style=\"font-weight: 400;\"><strong>Wydawanie podr\u0119cznik\u00f3w i pomocy dydaktycznych<\/strong><\/p>\n<p style=\"font-weight: 400;\">W 2024 roku dzi\u0119ki dotacji MEN Stowarzyszenie dodrukowa\u0142o podr\u0119czniki i zeszyty \u0107wicze\u0144 do II klasy szko\u0142y podstawowej, zgodnie z zapotrzebowaniem zg\u0142aszanym przez szko\u0142y.<\/p>\n<p style=\"font-weight: 400;\">Wszystkie dotychczasowe wydawnictwa znajdziecie <a href=\"https:\/\/www.dropbox.com\/scl\/fo\/h67ic1lgymbze9nrdj3aw\/h?rlkey=m3bd569eir8gcof0zggozcayx&amp;e=1&amp;dl=0\">poni\u017cej<\/a>:<\/p>\n<p>[\/et_pb_text][et_pb_button button_url=&#8221;https:\/\/ab-ba.com.pl\/index.php\/realizowane-projekty\/zadania-dofinansowane-z-ministerstwa-edukacji-narodowej\/wydawanie-podrecznikow-i-pomocy-dydaktycznych\/&#8221; button_text=&#8221;Wydawanie podr\u0119cznik\u00f3w i pomocy dydaktycznych&#8221; _builder_version=&#8221;4.27.4&#8243; _module_preset=&#8221;default&#8221; hover_enabled=&#8221;0&#8243; global_colors_info=&#8221;{}&#8221; sticky_enabled=&#8221;0&#8243;][\/et_pb_button][\/et_pb_column][\/et_pb_row][\/et_pb_section]<\/p>\n","protected":false},"excerpt":{"rendered":"<p>Zadania dofinansowane z Ministerstwa Edukacji NarodowejWydawanie podr\u0119cznik\u00f3w i pomocy dydaktycznych W 2024 roku dzi\u0119ki dotacji MEN Stowarzyszenie dodrukowa\u0142o podr\u0119czniki i zeszyty \u0107wicze\u0144 do II klasy szko\u0142y podstawowej, zgodnie z zapotrzebowaniem zg\u0142aszanym przez szko\u0142y. Wszystkie dotychczasowe wydawnictwa znajdziecie poni\u017cej:<\/p>\n","protected":false},"author":1,"featured_media":0,"parent":987497840,"menu_order":0,"comment_status":"closed","ping_status":"closed","template":"","meta":{"_et_pb_use_builder":"on","_et_pb_old_content":"","_et_gb_content_width":"","footnotes":""},"class_list":["post-987497971","page","type-page","status-publish","hentry"],"aioseo_notices":[],"_links":{"self":[{"href":"https:\/\/ab-ba.com.pl\/index.php\/wp-json\/wp\/v2\/pages\/987497971","targetHints":{"allow":["GET"]}}],"collection":[{"href":"https:\/\/ab-ba.com.pl\/index.php\/wp-json\/wp\/v2\/pages"}],"about":[{"href":"https:\/\/ab-ba.com.pl\/index.php\/wp-json\/wp\/v2\/types\/page"}],"author":[{"embeddable":true,"href":"https:\/\/ab-ba.com.pl\/index.php\/wp-json\/wp\/v2\/users\/1"}],"replies":[{"embeddable":true,"href":"https:\/\/ab-ba.com.pl\/index.php\/wp-json\/wp\/v2\/comments?post=987497971"}],"version-history":[{"count":7,"href":"https:\/\/ab-ba.com.pl\/index.php\/wp-json\/wp\/v2\/pages\/987497971\/revisions"}],"predecessor-version":[{"id":987498552,"href":"https:\/\/ab-ba.com.pl\/index.php\/wp-json\/wp\/v2\/pages\/987497971\/revisions\/987498552"}],"up":[{"embeddable":true,"href":"https:\/\/ab-ba.com.pl\/index.php\/wp-json\/wp\/v2\/pages\/987497840"}],"wp:attachment":[{"href":"https:\/\/ab-ba.com.pl\/index.php\/wp-json\/wp\/v2\/media?parent=987497971"}],"curies":[{"name":"wp","href":"https:\/\/api.w.org\/{rel}","templated":true}]}}