{"id":987498687,"date":"2026-02-04T09:55:50","date_gmt":"2026-02-04T09:55:50","guid":{"rendered":"https:\/\/ab-ba.com.pl\/?page_id=987498687"},"modified":"2026-02-04T10:01:24","modified_gmt":"2026-02-04T10:01:24","slug":"dzialalnosc-podmiotowa","status":"publish","type":"page","link":"https:\/\/ab-ba.com.pl\/index.php\/realizowane-projekty\/zadania-dofinansowane-z-dotacji-ministra-spraw-wewnetrznych-i-administracji\/dzialalnosc-podmiotowa\/","title":{"rendered":"Dzia\u0142alno\u015b\u0107 podmiotowa"},"content":{"rendered":"<p>STOWARZYSZENIE NA RZECZ DZIECI I M\u0141ODZIE\u017bY UCZ\u0104CYCH SI\u0118 J\u0118ZYKA BIA\u0141ORUSKIEGO <strong>\u201eAB-BA\u201d<\/strong> zosta\u0142o zarejestrowane w maju <strong>2006<\/strong> r. Jego celem jest pomoc merytoryczna, naukowa, finansowa i rzeczowa dzieciom i m\u0142odzie\u017cy ucz\u0105cym si\u0119 j\u0119zyka bia\u0142oruskiego oraz pomoc rodzicom i nauczycielom. <strong>Dzia\u0142alno\u015b\u0107 podmiotowa Stowarzyszenia jest finansowana ze \u015brodk\u00f3w Ministerstwa Spraw Wewn\u0119trznych i Administracji.<\/strong><\/p>\n","protected":false},"excerpt":{"rendered":"<p>STOWARZYSZENIE NA RZECZ DZIECI I M\u0141ODZIE\u017bY UCZ\u0104CYCH SI\u0118 J\u0118ZYKA BIA\u0141ORUSKIEGO \u201eAB-BA\u201d zosta\u0142o zarejestrowane w maju 2006 r. Jego celem jest pomoc merytoryczna, naukowa, finansowa i rzeczowa dzieciom i m\u0142odzie\u017cy ucz\u0105cym si\u0119 j\u0119zyka bia\u0142oruskiego oraz pomoc rodzicom i nauczycielom. Dzia\u0142alno\u015b\u0107 podmiotowa Stowarzyszenia jest finansowana ze \u015brodk\u00f3w Ministerstwa Spraw Wewn\u0119trznych i Administracji.<\/p>\n","protected":false},"author":2,"featured_media":0,"parent":987497924,"menu_order":0,"comment_status":"closed","ping_status":"closed","template":"","meta":{"_et_pb_use_builder":"","_et_pb_old_content":"","_et_gb_content_width":"","footnotes":""},"class_list":["post-987498687","page","type-page","status-publish","hentry"],"aioseo_notices":[],"_links":{"self":[{"href":"https:\/\/ab-ba.com.pl\/index.php\/wp-json\/wp\/v2\/pages\/987498687","targetHints":{"allow":["GET"]}}],"collection":[{"href":"https:\/\/ab-ba.com.pl\/index.php\/wp-json\/wp\/v2\/pages"}],"about":[{"href":"https:\/\/ab-ba.com.pl\/index.php\/wp-json\/wp\/v2\/types\/page"}],"author":[{"embeddable":true,"href":"https:\/\/ab-ba.com.pl\/index.php\/wp-json\/wp\/v2\/users\/2"}],"replies":[{"embeddable":true,"href":"https:\/\/ab-ba.com.pl\/index.php\/wp-json\/wp\/v2\/comments?post=987498687"}],"version-history":[{"count":2,"href":"https:\/\/ab-ba.com.pl\/index.php\/wp-json\/wp\/v2\/pages\/987498687\/revisions"}],"predecessor-version":[{"id":987498695,"href":"https:\/\/ab-ba.com.pl\/index.php\/wp-json\/wp\/v2\/pages\/987498687\/revisions\/987498695"}],"up":[{"embeddable":true,"href":"https:\/\/ab-ba.com.pl\/index.php\/wp-json\/wp\/v2\/pages\/987497924"}],"wp:attachment":[{"href":"https:\/\/ab-ba.com.pl\/index.php\/wp-json\/wp\/v2\/media?parent=987498687"}],"curies":[{"name":"wp","href":"https:\/\/api.w.org\/{rel}","templated":true}]}}